{"id":13,"date":"2019-11-14T13:17:27","date_gmt":"2019-11-14T13:17:27","guid":{"rendered":"https:\/\/x-theme.net\/avas-kindergarten\/?page_id=13"},"modified":"2022-10-17T12:11:50","modified_gmt":"2022-10-17T19:11:50","slug":"about","status":"publish","type":"page","link":"https:\/\/bestfutureforall.com\/bf\/about\/","title":{"rendered":"Yadira Ortega"},"content":{"rendered":"\t\t<div data-elementor-type=\"wp-page\" data-elementor-id=\"13\" class=\"elementor elementor-13\">\n\t\t\t\t\t\t<section class=\"elementor-section elementor-top-section elementor-element elementor-element-6bcd7fc elementor-section-boxed elementor-section-height-default elementor-section-height-default\" data-id=\"6bcd7fc\" data-element_type=\"section\">\n\t\t\t\t\t\t<div class=\"elementor-container elementor-column-gap-default\">\n\t\t\t\t\t<div class=\"elementor-column elementor-col-33 elementor-top-column elementor-element elementor-element-1057a26\" data-id=\"1057a26\" data-element_type=\"column\">\n\t\t\t<div class=\"elementor-widget-wrap elementor-element-populated\">\n\t\t\t\t\t\t<div class=\"elementor-element elementor-element-921c25e tx-hd-align-center elementor-widget elementor-widget-avas-heading\" data-id=\"921c25e\" data-element_type=\"widget\" data-widget_type=\"avas-heading.default\">\n\t\t\t\t<div class=\"elementor-widget-container\">\n\t\t\t\t\t        <div class=\"tx-hd-wrap\">\n\n            <div class=\"tx-hd-wm\"><\/div>\n\n            \n            <div class=\"tx-hd-sub\"><\/div>\n                        <h2 class=\"tx-hd-title\">\n                <span class=\"tx-hd-first-part\">Soy Yadira Ortega <\/span>\n                <span class=\"tx-hd-last-part\">y mi motivaci\u00f3n por mi comunidad, me hace empoderar a otras personas<\/span>\n            <\/h2>    \n            \n            <div class=\"tx-hd-desc\"><p>Empec\u00e9 mi camino en el apoyo familiar en el distrito escolar, como voluntaria en la escuela de mis hijos. Desde 2007 comenc\u00e9 a trabajar como asistente de profesor en la misma escuela.<\/p><p>Dos a\u00f1os despu\u00e9s, fui promovida a Family Support Assistant para ayudar a las familias a navegar en el sistema educativo de San Francisco. Luego, comenc\u00e9 mi entrenamiento para presentar talleres en espa\u00f1ol a las familias de las escuelas.<\/p><p>Desde entonces he viajado, a\u00f1o tras a\u00f1o, por las distintas escuelas del distrito y centros de recursos familiares impartiendo talleres de apoyo a los padres, ense\u00f1ando sobre la crianza y el mejoramiento familiar en diferentes \u00e1reas del desarrollo Infantil.<\/p><p>Hoy, he fundado BEST FUTURE FOR ALL, para llevar mi labor a todos y hacer m\u00e1s grande el impacto de mi pasi\u00f3n: ayudar a las familias y empoderarlas.<\/p><\/div>\n\n\n                   \n        <\/div><!-- tx-hd-wrap -->\n\n\n\n\n\n\n\n\n\t\t\t\t<\/div>\n\t\t\t\t<\/div>\n\t\t\t\t<div class=\"elementor-element elementor-element-264b824 elementor-align-center elementor-widget elementor-widget-button\" data-id=\"264b824\" data-element_type=\"widget\" data-widget_type=\"button.default\">\n\t\t\t\t<div class=\"elementor-widget-container\">\n\t\t\t\t\t\t\t\t\t<div class=\"elementor-button-wrapper\">\n\t\t\t\t\t<a class=\"elementor-button elementor-button-link elementor-size-sm elementor-animation-grow\" href=\"#certificaciones\">\n\t\t\t\t\t\t<span class=\"elementor-button-content-wrapper\">\n\t\t\t\t\t\t\t\t\t<span class=\"elementor-button-text\">Conoce mis certificaciones<\/span>\n\t\t\t\t\t<\/span>\n\t\t\t\t\t<\/a>\n\t\t\t\t<\/div>\n\t\t\t\t\t\t\t\t<\/div>\n\t\t\t\t<\/div>\n\t\t\t\t\t<\/div>\n\t\t<\/div>\n\t\t\t\t<div class=\"elementor-column elementor-col-33 elementor-top-column elementor-element elementor-element-ac0bbf3\" data-id=\"ac0bbf3\" data-element_type=\"column\">\n\t\t\t<div class=\"elementor-widget-wrap\">\n\t\t\t\t\t\t\t<\/div>\n\t\t<\/div>\n\t\t\t\t<div class=\"elementor-column elementor-col-33 elementor-top-column elementor-element elementor-element-9eac961\" data-id=\"9eac961\" data-element_type=\"column\">\n\t\t\t<div class=\"elementor-widget-wrap elementor-element-populated\">\n\t\t\t\t\t\t<div class=\"elementor-element elementor-element-5711e65 elementor-widget elementor-widget-image\" data-id=\"5711e65\" data-element_type=\"widget\" data-widget_type=\"image.default\">\n\t\t\t\t<div class=\"elementor-widget-container\">\n\t\t\t\t\t\t\t\t\t\t\t\t\t\t\t<img fetchpriority=\"high\" decoding=\"async\" width=\"745\" height=\"836\" src=\"https:\/\/bestfutureforall.com\/bf\/wp-content\/uploads\/2022\/05\/yadira.jpg\" class=\"attachment-full size-full wp-image-387\" alt=\"\" srcset=\"https:\/\/bestfutureforall.com\/bf\/wp-content\/uploads\/2022\/05\/yadira.jpg 745w, https:\/\/bestfutureforall.com\/bf\/wp-content\/uploads\/2022\/05\/yadira-267x300.jpg 267w, https:\/\/bestfutureforall.com\/bf\/wp-content\/uploads\/2022\/05\/yadira-320x360.jpg 320w, https:\/\/bestfutureforall.com\/bf\/wp-content\/uploads\/2022\/05\/yadira-373x419.jpg 373w, https:\/\/bestfutureforall.com\/bf\/wp-content\/uploads\/2022\/05\/yadira-390x438.jpg 390w, https:\/\/bestfutureforall.com\/bf\/wp-content\/uploads\/2022\/05\/yadira-71x80.jpg 71w, https:\/\/bestfutureforall.com\/bf\/wp-content\/uploads\/2022\/05\/yadira-620x696.jpg 620w, https:\/\/bestfutureforall.com\/bf\/wp-content\/uploads\/2022\/05\/yadira-460x516.jpg 460w, https:\/\/bestfutureforall.com\/bf\/wp-content\/uploads\/2022\/05\/yadira-365x410.jpg 365w, https:\/\/bestfutureforall.com\/bf\/wp-content\/uploads\/2022\/05\/yadira-300x337.jpg 300w\" sizes=\"(max-width: 745px) 100vw, 745px\" \/>\t\t\t\t\t\t\t\t\t\t\t\t\t\t\t<\/div>\n\t\t\t\t<\/div>\n\t\t\t\t\t<\/div>\n\t\t<\/div>\n\t\t\t\t\t<\/div>\n\t\t<\/section>\n\t\t\t\t<section class=\"elementor-section elementor-top-section elementor-element elementor-element-f1d48af elementor-section-stretched elementor-section-boxed elementor-section-height-default elementor-section-height-default\" data-id=\"f1d48af\" data-element_type=\"section\" id=\"certificaciones\" data-settings=\"{&quot;stretch_section&quot;:&quot;section-stretched&quot;,&quot;background_background&quot;:&quot;classic&quot;,&quot;shape_divider_top&quot;:&quot;drops&quot;}\">\n\t\t\t\t\t\t\t<div class=\"elementor-background-overlay\"><\/div>\n\t\t\t\t\t\t<div class=\"elementor-shape elementor-shape-top\" data-negative=\"false\">\n\t\t\t<svg xmlns=\"http:\/\/www.w3.org\/2000\/svg\" height=\"100%\" viewBox=\"0 0 283.5 27.8\" preserveAspectRatio=\"xMidYMax slice\">\n\t<path class=\"elementor-shape-fill\" d=\"M0 0v1.4c.6.7 1.1 1.4 1.4 2 2 3.8 2.2 6.6 1.8 10.8-.3 3.3-2.4 9.4 0 12.3 1.7 2 3.7 1.4 4.6-.9 1.4-3.8-.7-8.2-.6-12 .1-3.7 3.2-5.5 6.9-4.9 4 .6 4.8 4 4.9 7.4.1 1.8-1.1 7 0 8.5.6.8 1.6 1.2 2.4.5 1.4-1.1.1-5.4.1-6.9.1-3.7.3-8.6 4.1-10.5 5-2.5 6.2 1.6 5.4 5.6-.4 1.7-1 9.2 2.9 6.3 1.5-1.1.7-3.5.5-4.9-.4-2.4-.4-4.3 1-6.5.9-1.4 2.4-3.1 4.2-3 2.4.1 2.7 2.2 4 3.7 1.5 1.8 1.8 2.2 3 .1 1.1-1.9 1.2-2.8 3.6-3.3 1.3-.3 4.8-1.4 5.9-.5 1.5 1.1.6 2.8.4 4.3-.2 1.1-.6 4 1.8 3.4 1.7-.4-.3-4.1.6-5.6 1.3-2.2 5.8-1.4 7 .5 1.3 2.1.5 5.8.1 8.1s-1.2 5-.6 7.4c1.3 5.1 4.4.9 4.3-2.4-.1-4.4-2-8.8-.5-13 .9-2.4 4.6-6.6 7.7-4.5 2.7 1.8.5 7.8.2 10.3-.2 1.7-.8 4.6.2 6.2.9 1.4 2 1.5 2.6-.3.5-1.5-.9-4.5-1-6.1-.2-1.7-.4-3.7.2-5.4 1.8-5.6 3.5 2.4 6.3.6 1.4-.9 4.3-9.4 6.1-3.1.6 2.2-1.3 7.8.7 8.9 4.2 2.3 1.5-7.1 2.2-8 3.1-4 4.7 3.8 6.1 4.1 3.1.7 2.8-7.9 8.1-4.5 1.7 1.1 2.9 3.3 3.2 5.2.4 2.2-1 4.5-.6 6.6 1 4.3 4.4 1.5 4.4-1.7 0-2.7-3-8.3 1.4-9.1 4.4-.9 7.3 3.5 7.8 6.9.3 2-1.5 10.9 1.3 11.3 4.1.6-3.2-15.7 4.8-15.8 4.7-.1 2.8 4.1 3.9 6.6 1 2.4 2.1 1 2.3-.8.3-1.9-.9-3.2 1.3-4.3 5.9-2.9 5.9 5.4 5.5 8.5-.3 2-1.7 8.4 2 8.1 6.9-.5-2.8-16.9 4.8-18.7 4.7-1.2 6.1 3.6 6.3 7.1.1 1.7-1.2 8.1.6 9.1 3.5 2 1.9-7 2-8.4.2-4 1.2-9.6 6.4-9.8 4.7-.2 3.2 4.6 2.7 7.5-.4 2.2 1.3 8.6 3.8 4.4 1.1-1.9-.3-4.1-.3-6 0-1.7.4-3.2 1.3-4.6 1-1.6 2.9-3.5 5.1-2.9 2.5.6 2.3 4.1 4.1 4.9 1.9.8 1.6-.9 2.3-2.1 1.2-2.1 2.1-2.1 4.4-2.4 1.4-.2 3.6-1.5 4.9-.5 2.3 1.7-.7 4.4.1 6.5.6 1.5 2.1 1.7 2.8.3.7-1.4-1.1-3.4-.3-4.8 1.4-2.5 6.2-1.2 7.2 1 2.3 4.8-3.3 12-.2 16.3 3 4.1 3.9-2.8 3.8-4.8-.4-4.3-2.1-8.9 0-13.1 1.3-2.5 5.9-5.7 7.9-2.4 2 3.2-1.3 9.8-.8 13.4.5 4.4 3.5 3.3 2.7-.8-.4-1.9-2.4-10 .6-11.1 3.7-1.4 2.8 7.2 6.5.4 2.2-4.1 4.9-3.1 5.2 1.2.1 1.5-.6 3.1-.4 4.6.2 1.9 1.8 3.7 3.3 1.3 1-1.6-2.6-10.4 2.9-7.3 2.6 1.5 1.6 6.5 4.8 2.7 1.3-1.5 1.7-3.6 4-3.7 2.2-.1 4 2.3 4.8 4.1 1.3 2.9-1.5 8.4.9 10.3 4.2 3.3 3-5.5 2.7-6.9-.6-3.9 1-7.2 5.5-5 4.1 2.1 4.3 7.7 4.1 11.6 0 .8-.6 9.5 2.5 5.2 1.2-1.7-.1-7.7.1-9.6.3-2.9 1.2-5.5 4.3-6.2 4.5-1 7.7 1.5 7.4 5.8-.2 3.5-1.8 7.7-.5 11.1 1 2.7 3.6 2.8 5 .2 1.6-3.1 0-8.3-.4-11.6-.4-4.2-.2-7 1.8-10.8 0 0-.1.1-.1.2-.2.4-.3.7-.4.8v.1c-.1.2-.1.2 0 0v-.1l.4-.8c0-.1.1-.1.1-.2.2-.4.5-.8.8-1.2V0H0zM282.7 3.4z\"\/>\n<\/svg>\t\t<\/div>\n\t\t\t\t\t<div class=\"elementor-container elementor-column-gap-default\">\n\t\t\t\t\t<div class=\"elementor-column elementor-col-100 elementor-top-column elementor-element elementor-element-a45fd3e\" data-id=\"a45fd3e\" data-element_type=\"column\">\n\t\t\t<div class=\"elementor-widget-wrap elementor-element-populated\">\n\t\t\t\t\t\t<div class=\"elementor-element elementor-element-fa071ba tx-hd-align-center elementor-widget elementor-widget-avas-heading\" data-id=\"fa071ba\" data-element_type=\"widget\" data-widget_type=\"avas-heading.default\">\n\t\t\t\t<div class=\"elementor-widget-container\">\n\t\t\t\t\t        <div class=\"tx-hd-wrap\">\n\n            <div class=\"tx-hd-wm\"><\/div>\n\n            \n            <div class=\"tx-hd-sub\"><\/div>\n                        <h2 class=\"tx-hd-title\">\n                <span class=\"tx-hd-first-part\">Certificaciones<\/span>\n                <span class=\"tx-hd-last-part\"><\/span>\n            <\/h2>    \n            \n            <div class=\"tx-hd-desc\"><p>17 a\u00f1os de experiencia apoyando a colegas para desarrollar<br \/>programas que se enfocan en el desarrollo de cada individuo.<\/p><\/div>\n\n\n                   \n        <\/div><!-- tx-hd-wrap -->\n\n\n\n\n\n\n\n\n\t\t\t\t<\/div>\n\t\t\t\t<\/div>\n\t\t\t\t<div class=\"elementor-element elementor-element-8e47ebb elementor-widget elementor-widget-image\" data-id=\"8e47ebb\" data-element_type=\"widget\" data-widget_type=\"image.default\">\n\t\t\t\t<div class=\"elementor-widget-container\">\n\t\t\t\t\t\t\t\t\t\t\t\t\t\t\t<img decoding=\"async\" width=\"235\" height=\"28\" src=\"https:\/\/bestfutureforall.com\/bf\/wp-content\/uploads\/2019\/11\/brush-w.png\" class=\"attachment-full size-full wp-image-184\" alt=\"\" srcset=\"https:\/\/bestfutureforall.com\/bf\/wp-content\/uploads\/2019\/11\/brush-w.png 235w, https:\/\/bestfutureforall.com\/bf\/wp-content\/uploads\/2019\/11\/brush-w-80x10.png 80w\" sizes=\"(max-width: 235px) 100vw, 235px\" \/>\t\t\t\t\t\t\t\t\t\t\t\t\t\t\t<\/div>\n\t\t\t\t<\/div>\n\t\t\t\t<div class=\"elementor-element elementor-element-27baff2 elementor-widget elementor-widget-avas-testimonial\" data-id=\"27baff2\" data-element_type=\"widget\" data-widget_type=\"avas-testimonial.default\">\n\t\t\t\t<div class=\"elementor-widget-container\">\n\t\t\t\t\t\r\n        <div class=\"tx-testimonial-wrap   style-3 tx-align-center\" >\r\n            \r\n            \r\n            \r\n                        <div class=\"tx-carousel owl-carousel owl-theme\" data-settings=\"{&quot;autoplay&quot;:true,&quot;autoplay_timeout&quot;:3000,&quot;smart_speed&quot;:1500,&quot;loop&quot;:true,&quot;display_mobile&quot;:1,&quot;display_tablet&quot;:1,&quot;display_laptop&quot;:3,&quot;display_desktop&quot;:3,&quot;gutter&quot;:30}\" >\r\n                                  \r\n                    <div class=\"tx-testimonial \">\r\n                                                <div class=\"tx-testimonial-quote\"><i class=\"fas fa-quote-left\"><\/i><\/div>\r\n                                                                        <h5 class=\"tx-testimonial-name\">Apoyo con el Desarrollo Familiar<\/h5>\r\n                        <div class=\"tx-testimonial-company\"><\/div>\r\n                        <div class=\"tx-testimonial-details\"><p>Ayudo a las familias a alcanzar sus diferentes metas con herramientas que les empoderan para volverse autosuficientes.<\/p><\/div>\r\n                                                \r\n                        \r\n\r\n                    <\/div><!-- tx-testimonial -->\r\n                                  \r\n                    <div class=\"tx-testimonial \">\r\n                                                <div class=\"tx-testimonial-quote\"><i class=\"fas fa-quote-left\"><\/i><\/div>\r\n                                                                        <h5 class=\"tx-testimonial-name\">Associate in Science Child Development<\/h5>\r\n                        <div class=\"tx-testimonial-company\"><\/div>\r\n                        <div class=\"tx-testimonial-details\"><p>Cuento con un certificado en Ciencias del Desarrollo Infantil, para asistir y entender las necesidades, dudas, temores y experiencias de tus hijos.<\/p><\/div>\r\n                                                \r\n                        \r\n\r\n                    <\/div><!-- tx-testimonial -->\r\n                                  \r\n                    <div class=\"tx-testimonial \">\r\n                                                <div class=\"tx-testimonial-quote\"><i class=\"fas fa-quote-left\"><\/i><\/div>\r\n                                                                        <h5 class=\"tx-testimonial-name\">Certificate of Montessori<\/h5>\r\n                        <div class=\"tx-testimonial-company\"><\/div>\r\n                        <div class=\"tx-testimonial-details\"><p>Poseo un Certificate of Montessori, por lo cual conozco a detalle la filosof\u00eda Montessori y puedo mostrarte c\u00f3mo guiar y dirigir a tus ni\u00f1os a trav\u00e9s de sus diferentes tendencias.<\/p><\/div>\r\n                                                \r\n                        \r\n\r\n                    <\/div><!-- tx-testimonial -->\r\n                                  \r\n                    <div class=\"tx-testimonial \">\r\n                                                <div class=\"tx-testimonial-quote\"><i class=\"fas fa-quote-left\"><\/i><\/div>\r\n                                                                        <h5 class=\"tx-testimonial-name\">Maestra de Preescolar<\/h5>\r\n                        <div class=\"tx-testimonial-company\"><\/div>\r\n                        <div class=\"tx-testimonial-details\"><p>Puedo brindarte t\u00e9cnicas de ense\u00f1anza y aprendizaje para que las apliques en tu familia o comunidad.<\/p><\/div>\r\n                                                \r\n                        \r\n\r\n                    <\/div><!-- tx-testimonial -->\r\n                                  \r\n                    <div class=\"tx-testimonial \">\r\n                                                <div class=\"tx-testimonial-quote\"><i class=\"fas fa-quote-left\"><\/i><\/div>\r\n                                                                        <h5 class=\"tx-testimonial-name\">Doula<\/h5>\r\n                        <div class=\"tx-testimonial-company\"><\/div>\r\n                        <div class=\"tx-testimonial-details\"><p>Estoy capacitada para apoyar a las mujeres en el trabajo de parto. Ofrezco apoyo emocional, f\u00edsico e informativo a las madres durante esta etapa de sus vidas.<\/p><\/div>\r\n                                                \r\n                        \r\n\r\n                    <\/div><!-- tx-testimonial -->\r\n                                  \r\n                    <div class=\"tx-testimonial \">\r\n                                                <div class=\"tx-testimonial-quote\"><i class=\"fas fa-quote-left\"><\/i><\/div>\r\n                                                                        <h5 class=\"tx-testimonial-name\">Instructora de Padres<\/h5>\r\n                        <div class=\"tx-testimonial-company\"><\/div>\r\n                        <div class=\"tx-testimonial-details\"><p>Cuento con un certificado de instructor de Padres. <strong>En Best Future for all<\/strong>, la meta es proveer a los padres \/cuidadores las herramientas que ellos necesitan para crear un ambiente saludable, seguro y de crianza positiva.<\/p><\/div>\r\n                                                \r\n                        \r\n\r\n                    <\/div><!-- tx-testimonial -->\r\n                                  \r\n                    <div class=\"tx-testimonial \">\r\n                                                <div class=\"tx-testimonial-quote\"><i class=\"fas fa-quote-left\"><\/i><\/div>\r\n                                                                        <h5 class=\"tx-testimonial-name\">Literatura a temprana infancia<\/h5>\r\n                        <div class=\"tx-testimonial-company\"><\/div>\r\n                        <div class=\"tx-testimonial-details\"><p>Cuento con un Certificado de Literatura a temprana infancia, puedo brindarte t\u00e9cnicas de como podemos apoyar la salud emocional atreves de los libros.<\/p><\/div>\r\n                                                \r\n                        \r\n\r\n                    <\/div><!-- tx-testimonial -->\r\n                           <\/div><!-- testimonial-carousel --><!-- style 3 -->\r\n            \r\n            \r\n            \r\n            \r\n        <\/div><!-- tx-testimonial-wrap -->\r\n\r\n\r\n\t\t\t\t<\/div>\n\t\t\t\t<\/div>\n\t\t\t\t\t<\/div>\n\t\t<\/div>\n\t\t\t\t\t<\/div>\n\t\t<\/section>\n\t\t\t\t<section class=\"elementor-section elementor-top-section elementor-element elementor-element-4906710 elementor-section-stretched elementor-section-boxed elementor-section-height-default elementor-section-height-default\" data-id=\"4906710\" data-element_type=\"section\" data-settings=\"{&quot;stretch_section&quot;:&quot;section-stretched&quot;,&quot;background_background&quot;:&quot;classic&quot;,&quot;shape_divider_bottom&quot;:&quot;curve&quot;,&quot;shape_divider_bottom_negative&quot;:&quot;yes&quot;}\">\n\t\t\t\t\t\t\t<div class=\"elementor-background-overlay\"><\/div>\n\t\t\t\t\t\t<div class=\"elementor-shape elementor-shape-bottom\" data-negative=\"true\">\n\t\t\t<svg xmlns=\"http:\/\/www.w3.org\/2000\/svg\" viewBox=\"0 0 1000 100\" preserveAspectRatio=\"none\">\n\t<path class=\"elementor-shape-fill\" d=\"M500,97C126.7,96.3,0.8,19.8,0,0v100l1000,0V1C1000,19.4,873.3,97.8,500,97z\"\/>\n<\/svg>\t\t<\/div>\n\t\t\t\t\t<div class=\"elementor-container elementor-column-gap-default\">\n\t\t\t\t\t<div class=\"elementor-column elementor-col-50 elementor-top-column elementor-element elementor-element-52aa498\" data-id=\"52aa498\" data-element_type=\"column\">\n\t\t\t<div class=\"elementor-widget-wrap elementor-element-populated\">\n\t\t\t\t\t\t<div class=\"elementor-element elementor-element-73bb78d elementor-widget elementor-widget-avas-icon-box\" data-id=\"73bb78d\" data-element_type=\"widget\" data-widget_type=\"avas-icon-box.default\">\n\t\t\t\t<div class=\"elementor-widget-container\">\n\t\t\t\t\t\t\n\t\t<div class=\"tx-icon-box-wrap style-1 center\">\n\n\t\t\t<div class=\"tx-icon-box-icon\">\n\t\t\t\t<i aria-hidden=\"true\" class=\"fab fa-odnoklassniki\"><\/i>\n\t\t\t\t\n\t\t\t<\/div><!-- tx-icon-box-icon -->\n\n\t\t\t<div class=\"tx-icon-box-content-wrap\">\n\n\t\t\t\t\t\t\t\t\t\t\t\t<h4 class=\"tx-icon-box-title\">\n\t\t\t\tMisi\u00f3n\t\t\t\t<\/h4>\n\t\t\t\t\t\t\t\t\n\t\t\t\t<div class=\"tx-icon-box-desc\"><p>Ayudar a los padres\/cuidadores a desarrollar estrategias para establecer una crianza positiva de los ni\u00f1os a trav\u00e9s de la comunicaci\u00f3n y obtener una lista de recursos que se adapten a la necesidad de cada familia.<\/p><\/div>\n\t\t\t\t\t\t\t<\/div><!-- tx-icon-box-content-wrap -->\n\n\t\t<\/div><!-- tx-icon-box-wrap -->\n\n\t\t\t\t<\/div>\n\t\t\t\t<\/div>\n\t\t\t\t\t<\/div>\n\t\t<\/div>\n\t\t\t\t<div class=\"elementor-column elementor-col-50 elementor-top-column elementor-element elementor-element-43566db\" data-id=\"43566db\" data-element_type=\"column\">\n\t\t\t<div class=\"elementor-widget-wrap elementor-element-populated\">\n\t\t\t\t\t\t<div class=\"elementor-element elementor-element-f62e563 elementor-widget elementor-widget-avas-icon-box\" data-id=\"f62e563\" data-element_type=\"widget\" data-widget_type=\"avas-icon-box.default\">\n\t\t\t\t<div class=\"elementor-widget-container\">\n\t\t\t\t\t\t\n\t\t<div class=\"tx-icon-box-wrap style-1 center\">\n\n\t\t\t<div class=\"tx-icon-box-icon\">\n\t\t\t\t<i aria-hidden=\"true\" class=\"fas fa-book-reader\"><\/i>\n\t\t\t\t\n\t\t\t<\/div><!-- tx-icon-box-icon -->\n\n\t\t\t<div class=\"tx-icon-box-content-wrap\">\n\n\t\t\t\t\t\t\t\t\t\t\t\t<h4 class=\"tx-icon-box-title\">\n\t\t\t\tVisi\u00f3n\t\t\t\t<\/h4>\n\t\t\t\t\t\t\t\t\n\t\t\t\t<div class=\"tx-icon-box-desc\"><p>Promover el compromiso de los padres\/cuidadores a involucrarse positivamente en la crianza y desarrollo de los ni\u00f1os.<\/p><\/div>\n\t\t\t\t\t\t\t<\/div><!-- tx-icon-box-content-wrap -->\n\n\t\t<\/div><!-- tx-icon-box-wrap -->\n\n\t\t\t\t<\/div>\n\t\t\t\t<\/div>\n\t\t\t\t\t<\/div>\n\t\t<\/div>\n\t\t\t\t\t<\/div>\n\t\t<\/section>\n\t\t\t\t<section class=\"elementor-section elementor-top-section elementor-element elementor-element-650384f elementor-section-stretched elementor-section-boxed elementor-section-height-default elementor-section-height-default\" data-id=\"650384f\" data-element_type=\"section\" data-settings=\"{&quot;stretch_section&quot;:&quot;section-stretched&quot;,&quot;background_background&quot;:&quot;gradient&quot;}\">\n\t\t\t\t\t\t\t<div class=\"elementor-background-overlay\"><\/div>\n\t\t\t\t\t\t\t<div class=\"elementor-container elementor-column-gap-default\">\n\t\t\t\t\t<div class=\"elementor-column elementor-col-100 elementor-top-column elementor-element elementor-element-4ffe8dd\" data-id=\"4ffe8dd\" data-element_type=\"column\">\n\t\t\t<div class=\"elementor-widget-wrap elementor-element-populated\">\n\t\t\t\t\t\t<div class=\"elementor-element elementor-element-16ceaa7 tx-hd-align-center elementor-widget elementor-widget-avas-heading\" data-id=\"16ceaa7\" data-element_type=\"widget\" data-widget_type=\"avas-heading.default\">\n\t\t\t\t<div class=\"elementor-widget-container\">\n\t\t\t\t\t        <div class=\"tx-hd-wrap\">\n\n            <div class=\"tx-hd-wm\"><\/div>\n\n            \n            <div class=\"tx-hd-sub\"><\/div>\n                        <h2 class=\"tx-hd-title\">\n                <span class=\"tx-hd-first-part\">BEST FUTURE FOR ALL<\/span>\n                <span class=\"tx-hd-last-part\"><\/span>\n            <\/h2>    \n            \n            <div class=\"tx-hd-desc\"><\/div>\n\n\n                   \n        <\/div><!-- tx-hd-wrap -->\n\n\n\n\n\n\n\n\n\t\t\t\t<\/div>\n\t\t\t\t<\/div>\n\t\t\t\t<div class=\"elementor-element elementor-element-d2dc440 elementor-widget elementor-widget-avas-animated-heading\" data-id=\"d2dc440\" data-element_type=\"widget\" data-widget_type=\"avas-animated-heading.default\">\n\t\t\t\t<div class=\"elementor-widget-container\">\n\t\t\t\t\t\n    <div class=\"tx-animated-heading-wrap\" data-settings=\"{&quot;styles&quot;:&quot;typed&quot;,&quot;strings&quot;:[&quot;+ 1 (415)577-3248&quot;],&quot;typeSpeed&quot;:70,&quot;startDelay&quot;:500,&quot;backSpeed&quot;:40,&quot;backDelay&quot;:500,&quot;loop&quot;:true,&quot;loopCount&quot;:&quot;infinity&quot;}\" >\n\n        \n            <a class=\"tx-ah-title-link\" href=\"tel:(415)577-3248\" target=\"_self\">\n            <h2 class=\"tx-animated-heading\">\n                <span class=\"tx-animated-heading-before-text\">Queremos ayudarte<\/span>\n                                <span id=\"tx-ah-d2dc440\" class=\"tx-animated-txt\"><\/span>\n                                <span class=\"tx-animated-heading-after-text\"><\/span>\n            <\/h2>\n            <\/a>\n\n            \n    <\/div>\n\n\n\n\t\t\t\t<\/div>\n\t\t\t\t<\/div>\n\t\t\t\t<div class=\"elementor-element elementor-element-680d21b elementor-shape-rounded elementor-grid-0 e-grid-align-center elementor-widget elementor-widget-social-icons\" data-id=\"680d21b\" data-element_type=\"widget\" data-widget_type=\"social-icons.default\">\n\t\t\t\t<div class=\"elementor-widget-container\">\n\t\t\t\t\t\t\t<div class=\"elementor-social-icons-wrapper elementor-grid\">\n\t\t\t\t\t\t\t<span class=\"elementor-grid-item\">\n\t\t\t\t\t<a class=\"elementor-icon elementor-social-icon elementor-social-icon-facebook elementor-repeater-item-228d711\" target=\"_blank\">\n\t\t\t\t\t\t<span class=\"elementor-screen-only\">Facebook<\/span>\n\t\t\t\t\t\t<i class=\"fab fa-facebook\"><\/i>\t\t\t\t\t<\/a>\n\t\t\t\t<\/span>\n\t\t\t\t\t\t\t<span class=\"elementor-grid-item\">\n\t\t\t\t\t<a class=\"elementor-icon elementor-social-icon elementor-social-icon-instagram elementor-repeater-item-69b7b7f\" target=\"_blank\">\n\t\t\t\t\t\t<span class=\"elementor-screen-only\">Instagram<\/span>\n\t\t\t\t\t\t<i class=\"fab fa-instagram\"><\/i>\t\t\t\t\t<\/a>\n\t\t\t\t<\/span>\n\t\t\t\t\t<\/div>\n\t\t\t\t\t\t<\/div>\n\t\t\t\t<\/div>\n\t\t\t\t\t<\/div>\n\t\t<\/div>\n\t\t\t\t\t<\/div>\n\t\t<\/section>\n\t\t\t\t<\/div>\n\t\t","protected":false},"excerpt":{"rendered":"<p class=\"tx-excerpt\">Soy Yadira Ortega y mi motivaci\u00f3n por mi comunidad, me hace empoderar a otras personas Empec\u00e9 mi camino en el apoyo familiar en el distrito escolar, como voluntaria en la escuela de mis","protected":false},"author":1,"featured_media":0,"parent":0,"menu_order":0,"comment_status":"closed","ping_status":"closed","template":"templates\/blank.php","meta":{"footnotes":""},"class_list":["post-13","page","type-page","status-publish","hentry"],"_links":{"self":[{"href":"https:\/\/bestfutureforall.com\/bf\/wp-json\/wp\/v2\/pages\/13","targetHints":{"allow":["GET"]}}],"collection":[{"href":"https:\/\/bestfutureforall.com\/bf\/wp-json\/wp\/v2\/pages"}],"about":[{"href":"https:\/\/bestfutureforall.com\/bf\/wp-json\/wp\/v2\/types\/page"}],"author":[{"embeddable":true,"href":"https:\/\/bestfutureforall.com\/bf\/wp-json\/wp\/v2\/users\/1"}],"replies":[{"embeddable":true,"href":"https:\/\/bestfutureforall.com\/bf\/wp-json\/wp\/v2\/comments?post=13"}],"version-history":[{"count":40,"href":"https:\/\/bestfutureforall.com\/bf\/wp-json\/wp\/v2\/pages\/13\/revisions"}],"predecessor-version":[{"id":465,"href":"https:\/\/bestfutureforall.com\/bf\/wp-json\/wp\/v2\/pages\/13\/revisions\/465"}],"wp:attachment":[{"href":"https:\/\/bestfutureforall.com\/bf\/wp-json\/wp\/v2\/media?parent=13"}],"curies":[{"name":"wp","href":"https:\/\/api.w.org\/{rel}","templated":true}]}}