{"id":340,"date":"2022-05-02T09:51:07","date_gmt":"2022-05-02T09:51:07","guid":{"rendered":"https:\/\/bestfutureforall.com\/bf\/?page_id=340"},"modified":"2022-10-17T12:10:36","modified_gmt":"2022-10-17T19:10:36","slug":"programas","status":"publish","type":"page","link":"https:\/\/bestfutureforall.com\/bf\/programas\/","title":{"rendered":"Programas"},"content":{"rendered":"\t\t<div data-elementor-type=\"wp-page\" data-elementor-id=\"340\" class=\"elementor elementor-340\">\n\t\t\t\t\t\t<section class=\"elementor-section elementor-top-section elementor-element elementor-element-6bcd7fc elementor-section-boxed elementor-section-height-default elementor-section-height-default\" data-id=\"6bcd7fc\" data-element_type=\"section\">\n\t\t\t\t\t\t<div class=\"elementor-container elementor-column-gap-default\">\n\t\t\t\t\t<div class=\"elementor-column elementor-col-33 elementor-top-column elementor-element elementor-element-9eac961\" data-id=\"9eac961\" data-element_type=\"column\">\n\t\t\t<div class=\"elementor-widget-wrap elementor-element-populated\">\n\t\t\t\t\t\t<div class=\"elementor-element elementor-element-5711e65 elementor-widget elementor-widget-image\" data-id=\"5711e65\" data-element_type=\"widget\" data-widget_type=\"image.default\">\n\t\t\t\t<div class=\"elementor-widget-container\">\n\t\t\t\t\t\t\t\t\t\t\t\t\t\t\t<img fetchpriority=\"high\" decoding=\"async\" width=\"719\" height=\"400\" src=\"https:\/\/bestfutureforall.com\/bf\/wp-content\/uploads\/2022\/05\/woman-teaches-child-the-alphabet-2021-08-26-15-29-40-utc-Pequeno-719x400.jpg\" class=\"attachment-tx-lp-thumb size-tx-lp-thumb wp-image-394\" alt=\"\" \/>\t\t\t\t\t\t\t\t\t\t\t\t\t\t\t<\/div>\n\t\t\t\t<\/div>\n\t\t\t\t\t<\/div>\n\t\t<\/div>\n\t\t\t\t<div class=\"elementor-column elementor-col-33 elementor-top-column elementor-element elementor-element-ac0bbf3\" data-id=\"ac0bbf3\" data-element_type=\"column\">\n\t\t\t<div class=\"elementor-widget-wrap\">\n\t\t\t\t\t\t\t<\/div>\n\t\t<\/div>\n\t\t\t\t<div class=\"elementor-column elementor-col-33 elementor-top-column elementor-element elementor-element-1057a26\" data-id=\"1057a26\" data-element_type=\"column\">\n\t\t\t<div class=\"elementor-widget-wrap elementor-element-populated\">\n\t\t\t\t\t\t<div class=\"elementor-element elementor-element-921c25e tx-hd-align-left elementor-widget elementor-widget-avas-heading\" data-id=\"921c25e\" data-element_type=\"widget\" data-widget_type=\"avas-heading.default\">\n\t\t\t\t<div class=\"elementor-widget-container\">\n\t\t\t\t\t        <div class=\"tx-hd-wrap\">\n\n            <div class=\"tx-hd-wm\"><\/div>\n\n            \n            <div class=\"tx-hd-sub\"><\/div>\n                        <h2 class=\"tx-hd-title\">\n                <span class=\"tx-hd-first-part\">Aprendamos juntos y crezcamos juntos<\/span>\n                <span class=\"tx-hd-last-part\"><\/span>\n            <\/h2>    \n            \n            <div class=\"tx-hd-desc\"><p>\u00bfTe gustar\u00eda ser el mejor cuidador pap\u00e1 o mam\u00e1 en tu mejor versi\u00f3n?<br \/>\u00a1Inscr\u00edbete a este Programa de <strong>BEST FUTURE FOR ALL<\/strong> y aprende todas las herramientas que necesitas para hacer de tu crianza la mejor experiencia!<\/p><\/div>\n\n\n                   \n        <\/div><!-- tx-hd-wrap -->\n\n\n\n\n\n\n\n\n\t\t\t\t<\/div>\n\t\t\t\t<\/div>\n\t\t\t\t<div class=\"elementor-element elementor-element-264b824 elementor-align-center elementor-widget elementor-widget-button\" data-id=\"264b824\" data-element_type=\"widget\" data-widget_type=\"button.default\">\n\t\t\t\t<div class=\"elementor-widget-container\">\n\t\t\t\t\t\t\t\t\t<div class=\"elementor-button-wrapper\">\n\t\t\t\t\t<a class=\"elementor-button elementor-button-link elementor-size-sm elementor-animation-grow\" href=\"https:\/\/bestfutureforall.com\/bf\/contact\/\">\n\t\t\t\t\t\t<span class=\"elementor-button-content-wrapper\">\n\t\t\t\t\t\t\t\t\t<span class=\"elementor-button-text\">Inscr\u00edbete<\/span>\n\t\t\t\t\t<\/span>\n\t\t\t\t\t<\/a>\n\t\t\t\t<\/div>\n\t\t\t\t\t\t\t\t<\/div>\n\t\t\t\t<\/div>\n\t\t\t\t\t<\/div>\n\t\t<\/div>\n\t\t\t\t\t<\/div>\n\t\t<\/section>\n\t\t\t\t<section class=\"elementor-section elementor-top-section elementor-element elementor-element-f1d48af elementor-section-stretched elementor-section-boxed elementor-section-height-default elementor-section-height-default\" data-id=\"f1d48af\" data-element_type=\"section\" data-settings=\"{&quot;stretch_section&quot;:&quot;section-stretched&quot;,&quot;background_background&quot;:&quot;classic&quot;,&quot;shape_divider_top&quot;:&quot;drops&quot;}\">\n\t\t\t\t\t\t\t<div class=\"elementor-background-overlay\"><\/div>\n\t\t\t\t\t\t<div class=\"elementor-shape elementor-shape-top\" data-negative=\"false\">\n\t\t\t<svg xmlns=\"http:\/\/www.w3.org\/2000\/svg\" height=\"100%\" viewBox=\"0 0 283.5 27.8\" preserveAspectRatio=\"xMidYMax slice\">\n\t<path class=\"elementor-shape-fill\" d=\"M0 0v1.4c.6.7 1.1 1.4 1.4 2 2 3.8 2.2 6.6 1.8 10.8-.3 3.3-2.4 9.4 0 12.3 1.7 2 3.7 1.4 4.6-.9 1.4-3.8-.7-8.2-.6-12 .1-3.7 3.2-5.5 6.9-4.9 4 .6 4.8 4 4.9 7.4.1 1.8-1.1 7 0 8.5.6.8 1.6 1.2 2.4.5 1.4-1.1.1-5.4.1-6.9.1-3.7.3-8.6 4.1-10.5 5-2.5 6.2 1.6 5.4 5.6-.4 1.7-1 9.2 2.9 6.3 1.5-1.1.7-3.5.5-4.9-.4-2.4-.4-4.3 1-6.5.9-1.4 2.4-3.1 4.2-3 2.4.1 2.7 2.2 4 3.7 1.5 1.8 1.8 2.2 3 .1 1.1-1.9 1.2-2.8 3.6-3.3 1.3-.3 4.8-1.4 5.9-.5 1.5 1.1.6 2.8.4 4.3-.2 1.1-.6 4 1.8 3.4 1.7-.4-.3-4.1.6-5.6 1.3-2.2 5.8-1.4 7 .5 1.3 2.1.5 5.8.1 8.1s-1.2 5-.6 7.4c1.3 5.1 4.4.9 4.3-2.4-.1-4.4-2-8.8-.5-13 .9-2.4 4.6-6.6 7.7-4.5 2.7 1.8.5 7.8.2 10.3-.2 1.7-.8 4.6.2 6.2.9 1.4 2 1.5 2.6-.3.5-1.5-.9-4.5-1-6.1-.2-1.7-.4-3.7.2-5.4 1.8-5.6 3.5 2.4 6.3.6 1.4-.9 4.3-9.4 6.1-3.1.6 2.2-1.3 7.8.7 8.9 4.2 2.3 1.5-7.1 2.2-8 3.1-4 4.7 3.8 6.1 4.1 3.1.7 2.8-7.9 8.1-4.5 1.7 1.1 2.9 3.3 3.2 5.2.4 2.2-1 4.5-.6 6.6 1 4.3 4.4 1.5 4.4-1.7 0-2.7-3-8.3 1.4-9.1 4.4-.9 7.3 3.5 7.8 6.9.3 2-1.5 10.9 1.3 11.3 4.1.6-3.2-15.7 4.8-15.8 4.7-.1 2.8 4.1 3.9 6.6 1 2.4 2.1 1 2.3-.8.3-1.9-.9-3.2 1.3-4.3 5.9-2.9 5.9 5.4 5.5 8.5-.3 2-1.7 8.4 2 8.1 6.9-.5-2.8-16.9 4.8-18.7 4.7-1.2 6.1 3.6 6.3 7.1.1 1.7-1.2 8.1.6 9.1 3.5 2 1.9-7 2-8.4.2-4 1.2-9.6 6.4-9.8 4.7-.2 3.2 4.6 2.7 7.5-.4 2.2 1.3 8.6 3.8 4.4 1.1-1.9-.3-4.1-.3-6 0-1.7.4-3.2 1.3-4.6 1-1.6 2.9-3.5 5.1-2.9 2.5.6 2.3 4.1 4.1 4.9 1.9.8 1.6-.9 2.3-2.1 1.2-2.1 2.1-2.1 4.4-2.4 1.4-.2 3.6-1.5 4.9-.5 2.3 1.7-.7 4.4.1 6.5.6 1.5 2.1 1.7 2.8.3.7-1.4-1.1-3.4-.3-4.8 1.4-2.5 6.2-1.2 7.2 1 2.3 4.8-3.3 12-.2 16.3 3 4.1 3.9-2.8 3.8-4.8-.4-4.3-2.1-8.9 0-13.1 1.3-2.5 5.9-5.7 7.9-2.4 2 3.2-1.3 9.8-.8 13.4.5 4.4 3.5 3.3 2.7-.8-.4-1.9-2.4-10 .6-11.1 3.7-1.4 2.8 7.2 6.5.4 2.2-4.1 4.9-3.1 5.2 1.2.1 1.5-.6 3.1-.4 4.6.2 1.9 1.8 3.7 3.3 1.3 1-1.6-2.6-10.4 2.9-7.3 2.6 1.5 1.6 6.5 4.8 2.7 1.3-1.5 1.7-3.6 4-3.7 2.2-.1 4 2.3 4.8 4.1 1.3 2.9-1.5 8.4.9 10.3 4.2 3.3 3-5.5 2.7-6.9-.6-3.9 1-7.2 5.5-5 4.1 2.1 4.3 7.7 4.1 11.6 0 .8-.6 9.5 2.5 5.2 1.2-1.7-.1-7.7.1-9.6.3-2.9 1.2-5.5 4.3-6.2 4.5-1 7.7 1.5 7.4 5.8-.2 3.5-1.8 7.7-.5 11.1 1 2.7 3.6 2.8 5 .2 1.6-3.1 0-8.3-.4-11.6-.4-4.2-.2-7 1.8-10.8 0 0-.1.1-.1.2-.2.4-.3.7-.4.8v.1c-.1.2-.1.2 0 0v-.1l.4-.8c0-.1.1-.1.1-.2.2-.4.5-.8.8-1.2V0H0zM282.7 3.4z\"\/>\n<\/svg>\t\t<\/div>\n\t\t\t\t\t<div class=\"elementor-container elementor-column-gap-default\">\n\t\t\t\t\t<div class=\"elementor-column elementor-col-50 elementor-top-column elementor-element elementor-element-a45fd3e\" data-id=\"a45fd3e\" data-element_type=\"column\">\n\t\t\t<div class=\"elementor-widget-wrap elementor-element-populated\">\n\t\t\t\t\t\t<div class=\"elementor-element elementor-element-1cda6a1 tx-hd-align-center elementor-widget elementor-widget-avas-heading\" data-id=\"1cda6a1\" data-element_type=\"widget\" data-widget_type=\"avas-heading.default\">\n\t\t\t\t<div class=\"elementor-widget-container\">\n\t\t\t\t\t        <div class=\"tx-hd-wrap\">\n\n            <div class=\"tx-hd-wm\"><\/div>\n\n            \n            <div class=\"tx-hd-sub\"><\/div>\n                        <h2 class=\"tx-hd-title\">\n                <span class=\"tx-hd-first-part\">Te presento mi programa de Crianza Positiva<\/span>\n                <span class=\"tx-hd-last-part\"><\/span>\n            <\/h2>    \n            \n            <div class=\"tx-hd-desc\"><\/div>\n\n\n                   \n        <\/div><!-- tx-hd-wrap -->\n\n\n\n\n\n\n\n\n\t\t\t\t<\/div>\n\t\t\t\t<\/div>\n\t\t\t\t<div class=\"elementor-element elementor-element-8e47ebb elementor-widget elementor-widget-image\" data-id=\"8e47ebb\" data-element_type=\"widget\" data-widget_type=\"image.default\">\n\t\t\t\t<div class=\"elementor-widget-container\">\n\t\t\t\t\t\t\t\t\t\t\t\t\t\t\t<img decoding=\"async\" width=\"235\" height=\"28\" src=\"https:\/\/bestfutureforall.com\/bf\/wp-content\/uploads\/2019\/11\/brush-w.png\" class=\"attachment-full size-full wp-image-184\" alt=\"\" srcset=\"https:\/\/bestfutureforall.com\/bf\/wp-content\/uploads\/2019\/11\/brush-w.png 235w, https:\/\/bestfutureforall.com\/bf\/wp-content\/uploads\/2019\/11\/brush-w-80x10.png 80w\" sizes=\"(max-width: 235px) 100vw, 235px\" \/>\t\t\t\t\t\t\t\t\t\t\t\t\t\t\t<\/div>\n\t\t\t\t<\/div>\n\t\t\t\t<div class=\"elementor-element elementor-element-fa071ba tx-hd-align-left elementor-widget elementor-widget-avas-heading\" data-id=\"fa071ba\" data-element_type=\"widget\" data-widget_type=\"avas-heading.default\">\n\t\t\t\t<div class=\"elementor-widget-container\">\n\t\t\t\t\t        <div class=\"tx-hd-wrap\">\n\n            <div class=\"tx-hd-wm\"><\/div>\n\n            \n            <div class=\"tx-hd-sub\"><\/div>\n                        <h2 class=\"tx-hd-title\">\n                <span class=\"tx-hd-first-part\"><\/span>\n                <span class=\"tx-hd-last-part\"><\/span>\n            <\/h2>    \n            \n            <div class=\"tx-hd-desc\"><p>Mi objetivo es proporcionar a los padres las herramientas necesarias para fomentar una crianza positiva.<\/p><p>Al cursar este programa, los padres de familia lograr\u00e1n:<\/p><ul><li>Desarrollar o mejorar la confianza y la seguridad en s\u00ed mismos.<\/li><li>Mejorar la resoluci\u00f3n de problemas.<\/li><li>Reducir los m\u00e9todos disciplinarios estrictos, cambi\u00e1ndolos por t\u00e9cnicas basadas en el respeto y comprensi\u00f3n.<\/li><li>Mejorar la salud emocional de toda la familia.<\/li><li>Habilidades Sociales<\/li><li>Aumento de Autoestima<\/li><li>Tendr\u00e1n la oportunidad de ver mejor rendimiento y productividad<\/li><\/ul><p>\u00a1Aprovecha esta formaci\u00f3n y cambia el presente y futuro de tu familia!<\/p><p>Mi Programa es una gran oportunidad para que, como cuidador pap\u00e1 o mam\u00e1, te involucres en la vida de tus hijos y la mejores en todos los en todos los sentidos.<\/p><p>\u00a1Te espero!<\/p><p style=\"text-align: right\">Yadira Ortega.<\/p><\/div>\n\n\n                   \n        <\/div><!-- tx-hd-wrap -->\n\n\n\n\n\n\n\n\n\t\t\t\t<\/div>\n\t\t\t\t<\/div>\n\t\t\t\t<div class=\"elementor-element elementor-element-29f70fd elementor-align-center elementor-widget elementor-widget-button\" data-id=\"29f70fd\" data-element_type=\"widget\" data-widget_type=\"button.default\">\n\t\t\t\t<div class=\"elementor-widget-container\">\n\t\t\t\t\t\t\t\t\t<div class=\"elementor-button-wrapper\">\n\t\t\t\t\t<a class=\"elementor-button elementor-button-link elementor-size-sm elementor-animation-grow\" href=\"https:\/\/bestfutureforall.com\/bf\/contact\/\">\n\t\t\t\t\t\t<span class=\"elementor-button-content-wrapper\">\n\t\t\t\t\t\t\t\t\t<span class=\"elementor-button-text\">Pregunta por fechas y costos<\/span>\n\t\t\t\t\t<\/span>\n\t\t\t\t\t<\/a>\n\t\t\t\t<\/div>\n\t\t\t\t\t\t\t\t<\/div>\n\t\t\t\t<\/div>\n\t\t\t\t\t<\/div>\n\t\t<\/div>\n\t\t\t\t<div class=\"elementor-column elementor-col-50 elementor-top-column elementor-element elementor-element-d5760fc\" data-id=\"d5760fc\" data-element_type=\"column\">\n\t\t\t<div class=\"elementor-widget-wrap elementor-element-populated\">\n\t\t\t\t\t\t<div class=\"elementor-element elementor-element-f9e71d6 elementor-widget elementor-widget-image\" data-id=\"f9e71d6\" data-element_type=\"widget\" data-widget_type=\"image.default\">\n\t\t\t\t<div class=\"elementor-widget-container\">\n\t\t\t\t\t\t\t\t\t\t\t\t\t\t\t<img decoding=\"async\" width=\"720\" height=\"480\" src=\"https:\/\/bestfutureforall.com\/bf\/wp-content\/uploads\/2022\/05\/caucasian-baby-boy-child-learn-to-walk-with-parent-2021-12-09-11-09-58-utc-Pequeno.jpg\" class=\"attachment-large size-large wp-image-395\" alt=\"\" srcset=\"https:\/\/bestfutureforall.com\/bf\/wp-content\/uploads\/2022\/05\/caucasian-baby-boy-child-learn-to-walk-with-parent-2021-12-09-11-09-58-utc-Pequeno.jpg 720w, https:\/\/bestfutureforall.com\/bf\/wp-content\/uploads\/2022\/05\/caucasian-baby-boy-child-learn-to-walk-with-parent-2021-12-09-11-09-58-utc-Pequeno-300x200.jpg 300w, https:\/\/bestfutureforall.com\/bf\/wp-content\/uploads\/2022\/05\/caucasian-baby-boy-child-learn-to-walk-with-parent-2021-12-09-11-09-58-utc-Pequeno-150x100.jpg 150w, https:\/\/bestfutureforall.com\/bf\/wp-content\/uploads\/2022\/05\/caucasian-baby-boy-child-learn-to-walk-with-parent-2021-12-09-11-09-58-utc-Pequeno-373x249.jpg 373w, https:\/\/bestfutureforall.com\/bf\/wp-content\/uploads\/2022\/05\/caucasian-baby-boy-child-learn-to-walk-with-parent-2021-12-09-11-09-58-utc-Pequeno-80x53.jpg 80w, https:\/\/bestfutureforall.com\/bf\/wp-content\/uploads\/2022\/05\/caucasian-baby-boy-child-learn-to-walk-with-parent-2021-12-09-11-09-58-utc-Pequeno-620x413.jpg 620w, https:\/\/bestfutureforall.com\/bf\/wp-content\/uploads\/2022\/05\/caucasian-baby-boy-child-learn-to-walk-with-parent-2021-12-09-11-09-58-utc-Pequeno-460x307.jpg 460w, https:\/\/bestfutureforall.com\/bf\/wp-content\/uploads\/2022\/05\/caucasian-baby-boy-child-learn-to-walk-with-parent-2021-12-09-11-09-58-utc-Pequeno-365x243.jpg 365w\" sizes=\"(max-width: 720px) 100vw, 720px\" \/>\t\t\t\t\t\t\t\t\t\t\t\t\t\t\t<\/div>\n\t\t\t\t<\/div>\n\t\t\t\t\t<\/div>\n\t\t<\/div>\n\t\t\t\t\t<\/div>\n\t\t<\/section>\n\t\t\t\t<section class=\"elementor-section elementor-top-section elementor-element elementor-element-650384f elementor-section-stretched elementor-section-boxed elementor-section-height-default elementor-section-height-default\" data-id=\"650384f\" data-element_type=\"section\" data-settings=\"{&quot;stretch_section&quot;:&quot;section-stretched&quot;,&quot;background_background&quot;:&quot;gradient&quot;}\">\n\t\t\t\t\t\t\t<div class=\"elementor-background-overlay\"><\/div>\n\t\t\t\t\t\t\t<div class=\"elementor-container elementor-column-gap-default\">\n\t\t\t\t\t<div class=\"elementor-column elementor-col-100 elementor-top-column elementor-element elementor-element-4ffe8dd\" data-id=\"4ffe8dd\" data-element_type=\"column\">\n\t\t\t<div class=\"elementor-widget-wrap elementor-element-populated\">\n\t\t\t\t\t\t<div class=\"elementor-element elementor-element-16ceaa7 tx-hd-align-center elementor-widget elementor-widget-avas-heading\" data-id=\"16ceaa7\" data-element_type=\"widget\" data-widget_type=\"avas-heading.default\">\n\t\t\t\t<div class=\"elementor-widget-container\">\n\t\t\t\t\t        <div class=\"tx-hd-wrap\">\n\n            <div class=\"tx-hd-wm\"><\/div>\n\n            \n            <div class=\"tx-hd-sub\"><\/div>\n                        <h2 class=\"tx-hd-title\">\n                <span class=\"tx-hd-first-part\">BEST FUTURE FOR ALL<\/span>\n                <span class=\"tx-hd-last-part\"><\/span>\n            <\/h2>    \n            \n            <div class=\"tx-hd-desc\"><\/div>\n\n\n                   \n        <\/div><!-- tx-hd-wrap -->\n\n\n\n\n\n\n\n\n\t\t\t\t<\/div>\n\t\t\t\t<\/div>\n\t\t\t\t<div class=\"elementor-element elementor-element-7d495f3 elementor-widget elementor-widget-avas-animated-heading\" data-id=\"7d495f3\" data-element_type=\"widget\" data-widget_type=\"avas-animated-heading.default\">\n\t\t\t\t<div class=\"elementor-widget-container\">\n\t\t\t\t\t\n    <div class=\"tx-animated-heading-wrap\" data-settings=\"{&quot;styles&quot;:&quot;typed&quot;,&quot;strings&quot;:[&quot;+ 1 (415)577-3248&quot;],&quot;typeSpeed&quot;:70,&quot;startDelay&quot;:500,&quot;backSpeed&quot;:40,&quot;backDelay&quot;:500,&quot;loop&quot;:true,&quot;loopCount&quot;:&quot;infinity&quot;}\" >\n\n        \n            <a class=\"tx-ah-title-link\" href=\"tel:(415)577-3248\" target=\"_self\">\n            <h2 class=\"tx-animated-heading\">\n                <span class=\"tx-animated-heading-before-text\">Queremos ayudarte<\/span>\n                                <span id=\"tx-ah-7d495f3\" class=\"tx-animated-txt\"><\/span>\n                                <span class=\"tx-animated-heading-after-text\"><\/span>\n            <\/h2>\n            <\/a>\n\n            \n    <\/div>\n\n\n\n\t\t\t\t<\/div>\n\t\t\t\t<\/div>\n\t\t\t\t<div class=\"elementor-element elementor-element-680d21b elementor-shape-rounded elementor-grid-0 e-grid-align-center elementor-widget elementor-widget-social-icons\" data-id=\"680d21b\" data-element_type=\"widget\" data-widget_type=\"social-icons.default\">\n\t\t\t\t<div class=\"elementor-widget-container\">\n\t\t\t\t\t\t\t<div class=\"elementor-social-icons-wrapper elementor-grid\">\n\t\t\t\t\t\t\t<span class=\"elementor-grid-item\">\n\t\t\t\t\t<a class=\"elementor-icon elementor-social-icon elementor-social-icon-facebook elementor-repeater-item-228d711\" target=\"_blank\">\n\t\t\t\t\t\t<span class=\"elementor-screen-only\">Facebook<\/span>\n\t\t\t\t\t\t<i class=\"fab fa-facebook\"><\/i>\t\t\t\t\t<\/a>\n\t\t\t\t<\/span>\n\t\t\t\t\t\t\t<span class=\"elementor-grid-item\">\n\t\t\t\t\t<a class=\"elementor-icon elementor-social-icon elementor-social-icon-instagram elementor-repeater-item-69b7b7f\" target=\"_blank\">\n\t\t\t\t\t\t<span class=\"elementor-screen-only\">Instagram<\/span>\n\t\t\t\t\t\t<i class=\"fab fa-instagram\"><\/i>\t\t\t\t\t<\/a>\n\t\t\t\t<\/span>\n\t\t\t\t\t<\/div>\n\t\t\t\t\t\t<\/div>\n\t\t\t\t<\/div>\n\t\t\t\t\t<\/div>\n\t\t<\/div>\n\t\t\t\t\t<\/div>\n\t\t<\/section>\n\t\t\t\t<\/div>\n\t\t","protected":false},"excerpt":{"rendered":"<p class=\"tx-excerpt\">Aprendamos juntos y crezcamos juntos \u00bfTe gustar\u00eda ser el mejor cuidador pap\u00e1 o mam\u00e1 en tu mejor versi\u00f3n?\u00a1Inscr\u00edbete a este Programa de BEST FUTURE FOR ALL y aprende todas las herramientas que necesitas","protected":false},"author":1,"featured_media":0,"parent":0,"menu_order":0,"comment_status":"closed","ping_status":"closed","template":"templates\/blank.php","meta":{"footnotes":""},"class_list":["post-340","page","type-page","status-publish","hentry"],"_links":{"self":[{"href":"https:\/\/bestfutureforall.com\/bf\/wp-json\/wp\/v2\/pages\/340","targetHints":{"allow":["GET"]}}],"collection":[{"href":"https:\/\/bestfutureforall.com\/bf\/wp-json\/wp\/v2\/pages"}],"about":[{"href":"https:\/\/bestfutureforall.com\/bf\/wp-json\/wp\/v2\/types\/page"}],"author":[{"embeddable":true,"href":"https:\/\/bestfutureforall.com\/bf\/wp-json\/wp\/v2\/users\/1"}],"replies":[{"embeddable":true,"href":"https:\/\/bestfutureforall.com\/bf\/wp-json\/wp\/v2\/comments?post=340"}],"version-history":[{"count":13,"href":"https:\/\/bestfutureforall.com\/bf\/wp-json\/wp\/v2\/pages\/340\/revisions"}],"predecessor-version":[{"id":459,"href":"https:\/\/bestfutureforall.com\/bf\/wp-json\/wp\/v2\/pages\/340\/revisions\/459"}],"wp:attachment":[{"href":"https:\/\/bestfutureforall.com\/bf\/wp-json\/wp\/v2\/media?parent=340"}],"curies":[{"name":"wp","href":"https:\/\/api.w.org\/{rel}","templated":true}]}}